{"id":241454,"date":"2021-03-24T14:55:43","date_gmt":"2021-03-24T13:55:43","guid":{"rendered":"https:\/\/berluf.com\/de\/?page_id=241454"},"modified":"2021-04-26T13:09:24","modified_gmt":"2021-04-26T11:09:24","slug":"dlaczego-warto-stosowac-rekuperacje","status":"publish","type":"page","link":"https:\/\/berluf.com\/de\/index.php\/blog\/dlaczego-warto-stosowac-rekuperacje\/","title":{"rendered":"Warum ist die Rekuperation vorteilhaft?"},"content":{"rendered":"<p>[et_pb_section fb_built=&#8221;1&#8243; _builder_version=&#8221;4.9.2&#8243; _module_preset=&#8221;default&#8221; background_color=&#8221;#f2f2f2&#8243; custom_padding=&#8221;0%||0%||false|false&#8221; locked=&#8221;off&#8221;][et_pb_row _builder_version=&#8221;4.9.2&#8243; _module_preset=&#8221;default&#8221; width=&#8221;100%&#8221; max_width=&#8221;80%&#8221; module_alignment=&#8221;center&#8221; custom_padding=&#8221;2%||2%||false|false&#8221;][et_pb_column type=&#8221;4_4&#8243; _builder_version=&#8221;4.9.2&#8243; _module_preset=&#8221;default&#8221;][et_pb_text _builder_version=&#8221;4.9.4&#8243; _module_preset=&#8221;default&#8221; header_font_size=&#8221;2.5vw&#8221; header_line_height=&#8221;2.5vw&#8221; max_width=&#8221;66%&#8221; max_width_tablet=&#8221;100%&#8221; max_width_phone=&#8221;85%&#8221; max_width_last_edited=&#8221;on|phone&#8221; module_alignment=&#8221;center&#8221; custom_padding=&#8221;||1%||false|false&#8221; custom_padding_tablet=&#8221;&#8221; custom_padding_phone=&#8221;2%||1%||false|false&#8221; custom_padding_last_edited=&#8221;on|desktop&#8221; hover_enabled=&#8221;0&#8243; header_font_size_tablet=&#8221;4vw&#8221; header_font_size_phone=&#8221;5vw&#8221; header_font_size_last_edited=&#8221;on|phone&#8221; header_line_height_tablet=&#8221;2.7vw&#8221; header_line_height_phone=&#8221;6vw&#8221; header_line_height_last_edited=&#8221;on|desktop&#8221; border_width_bottom=&#8221;0.2vw&#8221; border_color_bottom=&#8221;#e31e24&#8243; sticky_enabled=&#8221;0&#8243;]<\/p>\n<h1 style=\"text-align: center;\"><strong>Warum ist die Rekuperation vorteilhaft?<\/strong><\/h1>\n<p>[\/et_pb_text][\/et_pb_column][\/et_pb_row][\/et_pb_section][et_pb_section fb_built=&#8221;1&#8243; _builder_version=&#8221;4.9.2&#8243; _module_preset=&#8221;default&#8221; module_alignment=&#8221;center&#8221; custom_padding=&#8221;4%||4%||true|false&#8221; locked=&#8221;off&#8221;][et_pb_row _builder_version=&#8221;4.9.2&#8243; _module_preset=&#8221;default&#8221; width=&#8221;100%&#8221; max_width=&#8221;80%&#8221; module_alignment=&#8221;center&#8221; custom_padding=&#8221;0%||0%||false|false&#8221;][et_pb_column type=&#8221;4_4&#8243; _builder_version=&#8221;4.9.2&#8243; _module_preset=&#8221;default&#8221; border_radii=&#8221;on|0%|0%|0%|0%&#8221;][et_pb_text _builder_version=&#8221;4.9.4&#8243; _module_preset=&#8221;default&#8221; header_2_text_align=&#8221;justify&#8221; header_2_text_color=&#8221;#000000&#8243; header_2_font_size=&#8221;1.6vw&#8221; header_2_line_height=&#8221;2.2vw&#8221; custom_padding=&#8221;0%||0%||false|false&#8221; hover_enabled=&#8221;0&#8243; header_2_font_size_tablet=&#8221;2.5vw&#8221; header_2_font_size_phone=&#8221;4vw&#8221; header_2_font_size_last_edited=&#8221;on|phone&#8221; header_2_line_height_tablet=&#8221;3.6vw&#8221; header_2_line_height_phone=&#8221;4.8vw&#8221; header_2_line_height_last_edited=&#8221;on|desktop&#8221; sticky_enabled=&#8221;0&#8243;]<\/p>\n<h2>Die Energieeffizienz ist ein sehr wichtiges Aspekt f\u00fcr jedes Haus. Heute werden beim Neubau eines Hauses Stoffen eingesetzt, die eine sehr gute W\u00e4rmeisolierung aufweisen. Diese L\u00f6sungen haben leider einen sehr ung\u00fcnstigen Einfluss auf den Abfluss der Feuchtigkeit und der verbrauchten Luft, was zur Bildung von Schimmel und Pilzen in den Ecken f\u00fchren kann. In luftdichten H\u00e4usern erf\u00fcllt die Schwerkraftl\u00fcftung nicht mehr ihre Aufgabe und die Anwendung der Saugl\u00fcftung ist mit einem erh\u00f6hten Energieverbrauch (bis zu 40%) zum Aufw\u00e4rmen der Zuluft von au\u00dfen verbunden. Die beste L\u00f6sung ist das L\u00fcftungssystem mit Rekuperation, mit dem die Verluste an der L\u00fcftungsw\u00e4rme ca. auf ein Zehntel reduziert werden.<\/h2>\n<p>[\/et_pb_text][\/et_pb_column][\/et_pb_row][\/et_pb_section]<\/p>\n","protected":false},"excerpt":{"rendered":"<p>[et_pb_section fb_built=&#8221;1&#8243; _builder_version=&#8221;4.9.2&#8243; _module_preset=&#8221;default&#8221; background_color=&#8221;#f2f2f2&#8243; custom_padding=&#8221;0%||0%||false|false&#8221; locked=&#8221;off&#8221;][et_pb_row _builder_version=&#8221;4.9.2&#8243; _module_preset=&#8221;default&#8221; width=&#8221;100%&#8221; max_width=&#8221;80%&#8221; module_alignment=&#8221;center&#8221; custom_padding=&#8221;2%||2%||false|false&#8221;][et_pb_column type=&#8221;4_4&#8243; _builder_version=&#8221;4.9.2&#8243; _module_preset=&#8221;default&#8221;][et_pb_text _builder_version=&#8221;4.9.4&#8243; _module_preset=&#8221;default&#8221; header_font_size=&#8221;2.5vw&#8221; header_line_height=&#8221;2.5vw&#8221; max_width=&#8221;66%&#8221; max_width_tablet=&#8221;100%&#8221; max_width_phone=&#8221;85%&#8221; max_width_last_edited=&#8221;on|phone&#8221; module_alignment=&#8221;center&#8221; custom_padding=&#8221;||1%||false|false&#8221; custom_padding_tablet=&#8221;&#8221; custom_padding_phone=&#8221;2%||1%||false|false&#8221; custom_padding_last_edited=&#8221;on|desktop&#8221; hover_enabled=&#8221;0&#8243; header_font_size_tablet=&#8221;4vw&#8221; header_font_size_phone=&#8221;5vw&#8221; header_font_size_last_edited=&#8221;on|phone&#8221; header_line_height_tablet=&#8221;2.7vw&#8221; header_line_height_phone=&#8221;6vw&#8221; header_line_height_last_edited=&#8221;on|desktop&#8221; border_width_bottom=&#8221;0.2vw&#8221; border_color_bottom=&#8221;#e31e24&#8243; sticky_enabled=&#8221;0&#8243;] Warum ist die Rekuperation vorteilhaft? [\/et_pb_text][\/et_pb_column][\/et_pb_row][\/et_pb_section][et_pb_section fb_built=&#8221;1&#8243; _builder_version=&#8221;4.9.2&#8243; _module_preset=&#8221;default&#8221; module_alignment=&#8221;center&#8221; custom_padding=&#8221;4%||4%||true|false&#8221; locked=&#8221;off&#8221;][et_pb_row _builder_version=&#8221;4.9.2&#8243; _module_preset=&#8221;default&#8221; width=&#8221;100%&#8221; max_width=&#8221;80%&#8221; [&hellip;]<\/p>\n","protected":false},"author":1,"featured_media":0,"parent":59,"menu_order":0,"comment_status":"closed","ping_status":"closed","template":"","meta":{"_et_pb_use_builder":"on","_et_pb_old_content":"","_et_gb_content_width":""},"yoast_head":"<!-- This site is optimized with the Yoast SEO plugin v16.2 - https:\/\/yoast.com\/wordpress\/plugins\/seo\/ -->\n<title>Warum ist die Rekuperation vorteilhaft? - BERL\u00dcF - Bel\u00fcftung f\u00fcr Privath\u00e4user und Unternehmen<\/title>\n<meta name=\"robots\" content=\"index, follow, max-snippet:-1, max-image-preview:large, max-video-preview:-1\" \/>\n<link rel=\"canonical\" href=\"https:\/\/berluf.com\/de\/index.php\/blog\/dlaczego-warto-stosowac-rekuperacje\/\" \/>\n<meta property=\"og:locale\" content=\"pl_PL\" \/>\n<meta property=\"og:type\" content=\"article\" \/>\n<meta property=\"og:title\" content=\"Warum ist die Rekuperation vorteilhaft? - BERL\u00dcF - Bel\u00fcftung f\u00fcr Privath\u00e4user und Unternehmen\" \/>\n<meta property=\"og:description\" content=\"[et_pb_section fb_built=&#8221;1&#8243; _builder_version=&#8221;4.9.2&#8243; _module_preset=&#8221;default&#8221; background_color=&#8221;#f2f2f2&#8243; custom_padding=&#8221;0%||0%||false|false&#8221; locked=&#8221;off&#8221;][et_pb_row _builder_version=&#8221;4.9.2&#8243; _module_preset=&#8221;default&#8221; width=&#8221;100%&#8221; max_width=&#8221;80%&#8221; module_alignment=&#8221;center&#8221; custom_padding=&#8221;2%||2%||false|false&#8221;][et_pb_column type=&#8221;4_4&#8243; _builder_version=&#8221;4.9.2&#8243; _module_preset=&#8221;default&#8221;][et_pb_text _builder_version=&#8221;4.9.4&#8243; _module_preset=&#8221;default&#8221; header_font_size=&#8221;2.5vw&#8221; header_line_height=&#8221;2.5vw&#8221; max_width=&#8221;66%&#8221; max_width_tablet=&#8221;100%&#8221; max_width_phone=&#8221;85%&#8221; max_width_last_edited=&#8221;on|phone&#8221; module_alignment=&#8221;center&#8221; custom_padding=&#8221;||1%||false|false&#8221; custom_padding_tablet=&#8221;&#8221; custom_padding_phone=&#8221;2%||1%||false|false&#8221; custom_padding_last_edited=&#8221;on|desktop&#8221; hover_enabled=&#8221;0&#8243; header_font_size_tablet=&#8221;4vw&#8221; header_font_size_phone=&#8221;5vw&#8221; header_font_size_last_edited=&#8221;on|phone&#8221; header_line_height_tablet=&#8221;2.7vw&#8221; header_line_height_phone=&#8221;6vw&#8221; header_line_height_last_edited=&#8221;on|desktop&#8221; border_width_bottom=&#8221;0.2vw&#8221; border_color_bottom=&#8221;#e31e24&#8243; sticky_enabled=&#8221;0&#8243;] Warum ist die Rekuperation vorteilhaft? [\/et_pb_text][\/et_pb_column][\/et_pb_row][\/et_pb_section][et_pb_section fb_built=&#8221;1&#8243; _builder_version=&#8221;4.9.2&#8243; _module_preset=&#8221;default&#8221; module_alignment=&#8221;center&#8221; custom_padding=&#8221;4%||4%||true|false&#8221; locked=&#8221;off&#8221;][et_pb_row _builder_version=&#8221;4.9.2&#8243; _module_preset=&#8221;default&#8221; width=&#8221;100%&#8221; max_width=&#8221;80%&#8221; [&hellip;]\" \/>\n<meta property=\"og:url\" content=\"https:\/\/berluf.com\/de\/index.php\/blog\/dlaczego-warto-stosowac-rekuperacje\/\" \/>\n<meta property=\"og:site_name\" content=\"BERL\u00dcF - Bel\u00fcftung f\u00fcr Privath\u00e4user und Unternehmen\" \/>\n<meta property=\"article:modified_time\" content=\"2021-04-26T11:09:24+00:00\" \/>\n<meta name=\"twitter:card\" content=\"summary_large_image\" \/>\n<meta name=\"twitter:label1\" content=\"Szacowany czas czytania\">\n\t<meta name=\"twitter:data1\" content=\"2 minuty\">\n<script type=\"application\/ld+json\" class=\"yoast-schema-graph\">{\"@context\":\"https:\/\/schema.org\",\"@graph\":[{\"@type\":\"WebSite\",\"@id\":\"https:\/\/berluf.com\/de\/#website\",\"url\":\"https:\/\/berluf.com\/de\/\",\"name\":\"BERL\\u00dcF - Bel\\u00fcftung f\\u00fcr Privath\\u00e4user und Unternehmen\",\"description\":\"\",\"potentialAction\":[{\"@type\":\"SearchAction\",\"target\":\"https:\/\/berluf.com\/de\/?s={search_term_string}\",\"query-input\":\"required name=search_term_string\"}],\"inLanguage\":\"pl-PL\"},{\"@type\":\"WebPage\",\"@id\":\"https:\/\/berluf.com\/de\/index.php\/blog\/dlaczego-warto-stosowac-rekuperacje\/#webpage\",\"url\":\"https:\/\/berluf.com\/de\/index.php\/blog\/dlaczego-warto-stosowac-rekuperacje\/\",\"name\":\"Warum ist die Rekuperation vorteilhaft? - BERL\\u00dcF - Bel\\u00fcftung f\\u00fcr Privath\\u00e4user und Unternehmen\",\"isPartOf\":{\"@id\":\"https:\/\/berluf.com\/de\/#website\"},\"datePublished\":\"2021-03-24T13:55:43+00:00\",\"dateModified\":\"2021-04-26T11:09:24+00:00\",\"breadcrumb\":{\"@id\":\"https:\/\/berluf.com\/de\/index.php\/blog\/dlaczego-warto-stosowac-rekuperacje\/#breadcrumb\"},\"inLanguage\":\"pl-PL\",\"potentialAction\":[{\"@type\":\"ReadAction\",\"target\":[\"https:\/\/berluf.com\/de\/index.php\/blog\/dlaczego-warto-stosowac-rekuperacje\/\"]}]},{\"@type\":\"BreadcrumbList\",\"@id\":\"https:\/\/berluf.com\/de\/index.php\/blog\/dlaczego-warto-stosowac-rekuperacje\/#breadcrumb\",\"itemListElement\":[{\"@type\":\"ListItem\",\"position\":1,\"item\":{\"@type\":\"WebPage\",\"@id\":\"https:\/\/berluf.com\/de\/\",\"url\":\"https:\/\/berluf.com\/de\/\",\"name\":\"Strona g\\u0142\\u00f3wna\"}},{\"@type\":\"ListItem\",\"position\":2,\"item\":{\"@type\":\"WebPage\",\"@id\":\"https:\/\/berluf.com\/de\/index.php\/blog\/\",\"url\":\"https:\/\/berluf.com\/de\/index.php\/blog\/\",\"name\":\"Blog\"}},{\"@type\":\"ListItem\",\"position\":3,\"item\":{\"@id\":\"https:\/\/berluf.com\/de\/index.php\/blog\/dlaczego-warto-stosowac-rekuperacje\/#webpage\"}}]}]}<\/script>\n<!-- \/ Yoast SEO plugin. -->","_links":{"self":[{"href":"https:\/\/berluf.com\/de\/index.php\/wp-json\/wp\/v2\/pages\/241454"}],"collection":[{"href":"https:\/\/berluf.com\/de\/index.php\/wp-json\/wp\/v2\/pages"}],"about":[{"href":"https:\/\/berluf.com\/de\/index.php\/wp-json\/wp\/v2\/types\/page"}],"author":[{"embeddable":true,"href":"https:\/\/berluf.com\/de\/index.php\/wp-json\/wp\/v2\/users\/1"}],"replies":[{"embeddable":true,"href":"https:\/\/berluf.com\/de\/index.php\/wp-json\/wp\/v2\/comments?post=241454"}],"version-history":[{"count":0,"href":"https:\/\/berluf.com\/de\/index.php\/wp-json\/wp\/v2\/pages\/241454\/revisions"}],"up":[{"embeddable":true,"href":"https:\/\/berluf.com\/de\/index.php\/wp-json\/wp\/v2\/pages\/59"}],"wp:attachment":[{"href":"https:\/\/berluf.com\/de\/index.php\/wp-json\/wp\/v2\/media?parent=241454"}],"curies":[{"name":"wp","href":"https:\/\/api.w.org\/{rel}","templated":true}]}}