{"id":241559,"date":"2021-03-29T11:37:22","date_gmt":"2021-03-29T09:37:22","guid":{"rendered":"https:\/\/berluf.com\/ru\/?page_id=241559"},"modified":"2021-04-21T14:17:16","modified_gmt":"2021-04-21T12:17:16","slug":"polityka","status":"publish","type":"page","link":"https:\/\/berluf.com\/ru\/index.php\/polityka\/","title":{"rendered":"\u041f\u043e\u043b\u0438\u0442\u0438\u043a\u0430 \u043a\u043e\u043d\u0444\u0438\u0434\u0435\u043d\u0446\u0438\u0430\u043b\u044c\u043d\u043e\u0441\u0442\u0438"},"content":{"rendered":"<p>[et_pb_section fb_built=&#8221;1&#8243; _builder_version=&#8221;4.9.2&#8243; _module_preset=&#8221;default&#8221; background_color=&#8221;#f2f2f2&#8243; custom_padding=&#8221;0%||0%||false|false&#8221; locked=&#8221;off&#8221;][et_pb_row _builder_version=&#8221;4.9.2&#8243; _module_preset=&#8221;default&#8221; width=&#8221;100%&#8221; max_width=&#8221;80%&#8221; module_alignment=&#8221;center&#8221; custom_padding=&#8221;2%||2%||false|false&#8221;][et_pb_column type=&#8221;4_4&#8243; _builder_version=&#8221;4.9.2&#8243; _module_preset=&#8221;default&#8221;][et_pb_text _builder_version=&#8221;4.9.3&#8243; _module_preset=&#8221;default&#8221; header_font_size=&#8221;2.5vw&#8221; header_line_height=&#8221;2.5vw&#8221; max_width=&#8221;39%&#8221; module_alignment=&#8221;center&#8221; custom_padding=&#8221;||1%||false|false&#8221; border_width_bottom=&#8221;0.2vw&#8221; border_color_bottom=&#8221;#e31e24&#8243; header_font_size_tablet=&#8221;4vw&#8221; header_font_size_phone=&#8221;5vw&#8221; header_font_size_last_edited=&#8221;on|phone&#8221; header_line_height_tablet=&#8221;2.7vw&#8221; header_line_height_last_edited=&#8221;on|desktop&#8221; max_width_tablet=&#8221;58%&#8221; max_width_phone=&#8221;71%&#8221; max_width_last_edited=&#8221;on|tablet&#8221; custom_padding_phone=&#8221;2%||1%||false|false&#8221; custom_padding_last_edited=&#8221;on|desktop&#8221; hover_enabled=&#8221;0&#8243; sticky_enabled=&#8221;0&#8243;]<\/p>\n<h1 style=\"text-align: center;\"><strong>Polityka prywatno\u015bci<\/strong><\/h1>\n<p>[\/et_pb_text][\/et_pb_column][\/et_pb_row][\/et_pb_section][et_pb_section fb_built=&#8221;1&#8243; _builder_version=&#8221;4.9.2&#8243; _module_preset=&#8221;default&#8221; module_alignment=&#8221;center&#8221; custom_padding=&#8221;4%||4%||true|false&#8221; locked=&#8221;off&#8221;][et_pb_row _builder_version=&#8221;4.9.2&#8243; _module_preset=&#8221;default&#8221; width=&#8221;100%&#8221; max_width=&#8221;80%&#8221; module_alignment=&#8221;center&#8221; custom_padding=&#8221;0%||0%||false|false&#8221;][et_pb_column type=&#8221;4_4&#8243; _builder_version=&#8221;4.9.2&#8243; _module_preset=&#8221;default&#8221; border_radii=&#8221;on|0%|0%|0%|0%&#8221;][et_pb_text _builder_version=&#8221;4.9.3&#8243; _module_preset=&#8221;default&#8221; text_font_size=&#8221;1vw&#8221; text_line_height=&#8221;1.5vw&#8221; hover_enabled=&#8221;0&#8243; sticky_enabled=&#8221;0&#8243; text_font_size_last_edited=&#8221;on|phone&#8221; text_line_height_last_edited=&#8221;on|desktop&#8221; text_font_size_tablet=&#8221;2.2vw&#8221; text_line_height_tablet=&#8221;3.2vw&#8221; text_font_size_phone=&#8221;3.6vw&#8221; text_line_height_phone=&#8221;4.8vw&#8221;]<\/p>\n<p><b><span>Polityka prywatno\u015bci<\/span><\/b><span><br \/>Polityka prywatno\u015bci zosta\u0142a wydana zgodnie z przepisami Rozporz\u0105dzenia Parlamentu Europejskiego i Rady (UE) 2016\/679 z dnia 27 kwietnia 2016 r. w sprawie ochrony os\u00f3b fizycznych w zwi\u0105zku z przetwarzaniem danych osobowych i w sprawie swobodnego przep\u0142ywu takich danych oraz uchylenia dyrektywy 95\/46\/WE.<br \/><b>\u2022 Pliki Cookies<\/b><br \/>1. Strona www.berluf.com\/ru u\u017cywa plik\u00f3w Cookies i podobnych technologii m.in. po to, by dostosowa\u0107 serwis do potrzeb u\u017cytkownik\u00f3w i w celach statystycznych. Pliki Cookies to niewielkie pliki tekstowe wysy\u0142ane przez serwis internetowy, do urz\u0105dzenia internauty. W plikach Cookies zawarte s\u0105 r\u00f3\u017cne informacje, kt\u00f3re s\u0105 cz\u0119sto niezb\u0119dne, aby strona internetowa i przewidziane tam funkcjonalno\u015bci dzia\u0142a\u0142y prawid\u0142owo. Cookies s\u0105 zaszyfrowane w taki spos\u00f3b, aby osoby nieuprawnione nie mia\u0142y do nich dost\u0119pu.<br \/>2. Istnieje mo\u017cliwo\u015b\u0107 zmiany ustawie\u0144 Cookies w przegl\u0105darce internetowej, r\u00f3wnie\u017c poprzez zablokowanie mo\u017cliwo\u015bci ich zastosowania. Brak zmiany oznacza akceptacj\u0119 stosowanych Cookies.<br \/>3. Oprogramowanie s\u0142u\u017c\u0105ce do przegl\u0105dania stron internetowych (przegl\u0105darka internetowa) domy\u015blnie dopuszcza przechowywanie plik\u00f3w Cookies w urz\u0105dzeniu ko\u0144cowym u\u017cytkownika. U\u017cytkownicy mog\u0105 dokona\u0107 w ka\u017cdym czasie zmiany ustawie\u0144 dotycz\u0105cych plik\u00f3w Cookies. Ustawienia te mog\u0105 zosta\u0107 zmienione w szczeg\u00f3lno\u015bci w taki spos\u00f3b, aby blokowa\u0107 automatyczn\u0105 obs\u0142ug\u0119 plik\u00f3w Cookies w ustawieniach przegl\u0105darki internetowej b\u0105d\u017a informowa\u0107 o ich ka\u017cdorazowym zamieszczeniu w urz\u0105dzeniu u\u017cytkownika serwisu internetowego. Szczeg\u00f3\u0142owe informacje o mo\u017cliwo\u015bci i sposobach obs\u0142ugi plik\u00f3w Cookies dost\u0119pne s\u0105 w ustawieniach oprogramowania (przegl\u0105darki internetowej).<br \/>4. Strona wykorzystuje :<br \/>a) \u201eniezb\u0119dne\u201d pliki Cookies, umo\u017cliwiaj\u0105ce korzystanie z us\u0142ug dost\u0119pnych w ramach serwisu,<br \/>b) Pliki Cookies s\u0142u\u017c\u0105ce do zapewnienia bezpiecze\u0144stwa,<br \/>c) \u201ewydajno\u015bciowe\u201d pliki Cookies, umo\u017cliwiaj\u0105ce zbieranie informacji o sposobie korzystania ze stron internetowych serwisu;<br \/>d) \u201efunkcjonalne\u201d pliki Cookies, umo\u017cliwiaj\u0105ce \u201ezapami\u0119tanie\u201d wybranych przez u\u017cytkownika ustawie\u0144 i personalizacj\u0119 interfejsu u\u017cytkownika,<br \/>e) \u201ereklamowe\u201d pliki Cookies, umo\u017cliwiaj\u0105ce dostarczanie u\u017cytkownikom tre\u015bci reklamowych bardziej dostosowanych do ich zainteresowa\u0144.<br \/>5. Poziom ochrony przed Cookies ustawia si\u0119 w ka\u017cdej przegl\u0105darce, a\u017c do ca\u0142kowitego blokowania plik\u00f3w Cookies. Zwi\u0119ksza to poziom bezpiecze\u0144stwa i ochrony danych, ale mo\u017ce tak\u017ce uniemo\u017cliwia\u0107 wykorzystanie niekt\u00f3rych funkcji.<br \/>6. Wy\u0142\u0105czenie stosowania Cookies mo\u017ce spowodowa\u0107 utrudnienia w korzystaniu z niekt\u00f3rych us\u0142ug w ramach serwisu<br \/><b>\u2022 Dane osobowe<\/b><br \/>1. Administratorem danych osobowych, po zarejestrowaniu w serwisie jest<br \/>BERL\u00dcF SP\u00d3\u0141KA Z OGRANICZON\u0104 ODPOWIEDZIALNO\u015aCI\u0104 z siedzib\u0105 w Poznaniu przy ulicy 27 Grudnia 5\/5A, 61-737 Pozna\u0144, wpisana do rejestru przedsi\u0119biorc\u00f3w Krajowego Rejestru S\u0105dowego prowadzonego przez S\u0105d Rejonowy w Poznaniu &#8211; Nowe Miasto i Wilda w Poznaniu, VIII Wydzia\u0142 Gospodarczy Krajowego Rejestru S\u0105dowego pod numerem KRS 0000650326, oddzia\u0142 w Cz\u0119stochowie przy ulicy G\u0142\u00f3wnej 188, 42-280 Cz\u0119stochowa,<br \/>Mog\u0105 si\u0119 Pa\u0144stwo z nami skontaktowa\u0107 pod w\/w adresem lub pod nr telefonu lub adresem e-mail:<br \/>+48 (34) 370 30 00<br \/>dospel@dospel.com<br \/><\/span><span>2. Podanie danych jest dobrowolne.<br \/>3. Pa\u0144stwa dane osobowe b\u0119d\u0105 przetwarzane przez Administratora wy\u0142\u0105cznie w poni\u017cszych celach :<br \/>\u2022 zawarcia i realizacji umowy,<br \/>\u2022 korzystania z programu doboru,<br \/>\u2022 wysy\u0142ki Newsletter \u2019a,<br \/>\u2022 przesy\u0142ania (za uprzedni\u0105 zgod\u0105) wiadomo\u015bci zawieraj\u0105cych informacje handlowe.<br \/>\u2022 marketingowych Administratora,<br \/>\u2022 prowadzenia marketingu podmiot\u00f3w wsp\u00f3\u0142pracuj\u0105cych z Administratorem (za uprzedni\u0105 zgod\u0105).<br \/>4. Dane osobowe przetwarzane s\u0105 zgodnie z przepisami dotycz\u0105cymi ochrony danych osobowych, zgodnie z wdro\u017con\u0105 Polityk\u0105 Prywatno\u015bci w zakresie i celu niezb\u0119dnym do nawi\u0105zania, ukszta\u0142towania tre\u015bci Umowy, zmiany b\u0105d\u017a jej rozwi\u0105zania oraz prawid\u0142owej realizacji us\u0142ug \u015bwiadczonych drog\u0105 elektroniczn\u0105, w zakresie i celu zgodnym z wyra\u017con\u0105 zgod\u0105<br \/>5. Podane dane osobowe nie b\u0119d\u0105 udost\u0119pniane innym podmiotom, poza tymi kt\u00f3rzy posiadaj\u0105 odpowiedni\u0105 podstaw\u0119 prawn\u0105.<br \/>6. Administrator serwisu do\u0142o\u017cy\u0142 nale\u017cytej staranno\u015bci w celu odpowiedniego zabezpieczenia przekazanych danych osobowych, szanuj\u0105c prawo do prywatno\u015bci i dbaj\u0105c o bezpiecze\u0144stwo danych. W tym celu u\u017cywany jest m.in. bezpieczny protok\u00f3\u0142 szyfrowania komunikacji (SSL).<br \/>7. Dane osobowe s\u0105 przetwarzane z uwzgl\u0119dnieniem zasady: rozliczno\u015bci, adekwatno\u015bci oraz rzetelno\u015bci.<br \/>8. Osoba , kt\u00f3rej dane osobowe dotycz\u0105 ma prawo:<br \/>\u2013 \u017c\u0105dania od administratora dost\u0119pu do swoich danych osobowych, ich sprostowania, usuni\u0119cia lub ograniczenia przetwarzania<br \/>\u2013 do wniesienia sprzeciwu wobec przetwarzania swoich danych osobowych, informacja obejmuje tak\u017ce prawo do przenoszenia danych<br \/>\u2013 do cofni\u0119cia zgody na przetwarzanie danych osobowych w dowolnym momencie, je\u017celi przetwarzanie danych osobowych odbywa si\u0119 na podstawie zgody tej osoby. Cofni\u0119cie zgody nie b\u0119dzie mia\u0142a wp\u0142ywu na legalno\u015b\u0107 przetwarzania, kt\u00f3rego dokonano przed cofni\u0119ciem zgody,<br \/>\u2013 do wniesienia skargi do organu nadzorczego, kt\u00f3rym jest Prezes Urz\u0119du Ochrony Danych.<br \/>9. Podanie danych osobowych mo\u017ce by\u0107 obj\u0119te wymogiem ustawowym, umownym lub warunkiem zawarcia umowy.<\/span><\/p>\n<p>[\/et_pb_text][\/et_pb_column][\/et_pb_row][\/et_pb_section]<\/p>\n","protected":false},"excerpt":{"rendered":"<p>[et_pb_section fb_built=&#8221;1&#8243; _builder_version=&#8221;4.9.2&#8243; _module_preset=&#8221;default&#8221; background_color=&#8221;#f2f2f2&#8243; custom_padding=&#8221;0%||0%||false|false&#8221; locked=&#8221;off&#8221;][et_pb_row _builder_version=&#8221;4.9.2&#8243; _module_preset=&#8221;default&#8221; width=&#8221;100%&#8221; max_width=&#8221;80%&#8221; module_alignment=&#8221;center&#8221; custom_padding=&#8221;2%||2%||false|false&#8221;][et_pb_column type=&#8221;4_4&#8243; _builder_version=&#8221;4.9.2&#8243; _module_preset=&#8221;default&#8221;][et_pb_text _builder_version=&#8221;4.9.3&#8243; _module_preset=&#8221;default&#8221; header_font_size=&#8221;2.5vw&#8221; header_line_height=&#8221;2.5vw&#8221; max_width=&#8221;39%&#8221; module_alignment=&#8221;center&#8221; custom_padding=&#8221;||1%||false|false&#8221; border_width_bottom=&#8221;0.2vw&#8221; border_color_bottom=&#8221;#e31e24&#8243; header_font_size_tablet=&#8221;4vw&#8221; header_font_size_phone=&#8221;5vw&#8221; header_font_size_last_edited=&#8221;on|phone&#8221; header_line_height_tablet=&#8221;2.7vw&#8221; header_line_height_last_edited=&#8221;on|desktop&#8221; max_width_tablet=&#8221;58%&#8221; max_width_phone=&#8221;71%&#8221; max_width_last_edited=&#8221;on|tablet&#8221; custom_padding_phone=&#8221;2%||1%||false|false&#8221; custom_padding_last_edited=&#8221;on|desktop&#8221; hover_enabled=&#8221;0&#8243; sticky_enabled=&#8221;0&#8243;] Polityka prywatno\u015bci [\/et_pb_text][\/et_pb_column][\/et_pb_row][\/et_pb_section][et_pb_section fb_built=&#8221;1&#8243; _builder_version=&#8221;4.9.2&#8243; _module_preset=&#8221;default&#8221; module_alignment=&#8221;center&#8221; custom_padding=&#8221;4%||4%||true|false&#8221; locked=&#8221;off&#8221;][et_pb_row _builder_version=&#8221;4.9.2&#8243; _module_preset=&#8221;default&#8221; width=&#8221;100%&#8221; max_width=&#8221;80%&#8221; module_alignment=&#8221;center&#8221; custom_padding=&#8221;0%||0%||false|false&#8221;][et_pb_column type=&#8221;4_4&#8243; _builder_version=&#8221;4.9.2&#8243; _module_preset=&#8221;default&#8221; [&hellip;]<\/p>\n","protected":false},"author":1,"featured_media":0,"parent":0,"menu_order":0,"comment_status":"closed","ping_status":"closed","template":"","meta":{"_et_pb_use_builder":"on","_et_pb_old_content":"","_et_gb_content_width":""},"yoast_head":"<!-- This site is optimized with the Yoast SEO plugin v16.2 - https:\/\/yoast.com\/wordpress\/plugins\/seo\/ -->\n<title>\u041f\u043e\u043b\u0438\u0442\u0438\u043a\u0430 \u043a\u043e\u043d\u0444\u0438\u0434\u0435\u043d\u0446\u0438\u0430\u043b\u044c\u043d\u043e\u0441\u0442\u0438 - BERL\u00dcF - \u0412\u0435\u043d\u0442\u0438\u043b\u044f\u0446\u0438\u044f \u0434\u043b\u044f \u0434\u043e\u043c\u0430 \u0438 \u0440\u0430\u0431\u043e\u0442\u044b<\/title>\n<meta name=\"robots\" content=\"index, follow, max-snippet:-1, max-image-preview:large, max-video-preview:-1\" \/>\n<link rel=\"canonical\" href=\"https:\/\/berluf.com\/ru\/index.php\/polityka\/\" \/>\n<meta property=\"og:locale\" content=\"pl_PL\" \/>\n<meta property=\"og:type\" content=\"article\" \/>\n<meta property=\"og:title\" content=\"\u041f\u043e\u043b\u0438\u0442\u0438\u043a\u0430 \u043a\u043e\u043d\u0444\u0438\u0434\u0435\u043d\u0446\u0438\u0430\u043b\u044c\u043d\u043e\u0441\u0442\u0438 - BERL\u00dcF - \u0412\u0435\u043d\u0442\u0438\u043b\u044f\u0446\u0438\u044f \u0434\u043b\u044f \u0434\u043e\u043c\u0430 \u0438 \u0440\u0430\u0431\u043e\u0442\u044b\" \/>\n<meta property=\"og:description\" content=\"[et_pb_section fb_built=&#8221;1&#8243; _builder_version=&#8221;4.9.2&#8243; _module_preset=&#8221;default&#8221; background_color=&#8221;#f2f2f2&#8243; custom_padding=&#8221;0%||0%||false|false&#8221; locked=&#8221;off&#8221;][et_pb_row _builder_version=&#8221;4.9.2&#8243; _module_preset=&#8221;default&#8221; width=&#8221;100%&#8221; max_width=&#8221;80%&#8221; module_alignment=&#8221;center&#8221; custom_padding=&#8221;2%||2%||false|false&#8221;][et_pb_column type=&#8221;4_4&#8243; _builder_version=&#8221;4.9.2&#8243; _module_preset=&#8221;default&#8221;][et_pb_text _builder_version=&#8221;4.9.3&#8243; _module_preset=&#8221;default&#8221; header_font_size=&#8221;2.5vw&#8221; header_line_height=&#8221;2.5vw&#8221; max_width=&#8221;39%&#8221; module_alignment=&#8221;center&#8221; custom_padding=&#8221;||1%||false|false&#8221; border_width_bottom=&#8221;0.2vw&#8221; border_color_bottom=&#8221;#e31e24&#8243; header_font_size_tablet=&#8221;4vw&#8221; header_font_size_phone=&#8221;5vw&#8221; header_font_size_last_edited=&#8221;on|phone&#8221; header_line_height_tablet=&#8221;2.7vw&#8221; header_line_height_last_edited=&#8221;on|desktop&#8221; max_width_tablet=&#8221;58%&#8221; max_width_phone=&#8221;71%&#8221; max_width_last_edited=&#8221;on|tablet&#8221; custom_padding_phone=&#8221;2%||1%||false|false&#8221; custom_padding_last_edited=&#8221;on|desktop&#8221; hover_enabled=&#8221;0&#8243; sticky_enabled=&#8221;0&#8243;] Polityka prywatno\u015bci [\/et_pb_text][\/et_pb_column][\/et_pb_row][\/et_pb_section][et_pb_section fb_built=&#8221;1&#8243; _builder_version=&#8221;4.9.2&#8243; _module_preset=&#8221;default&#8221; module_alignment=&#8221;center&#8221; custom_padding=&#8221;4%||4%||true|false&#8221; locked=&#8221;off&#8221;][et_pb_row _builder_version=&#8221;4.9.2&#8243; _module_preset=&#8221;default&#8221; width=&#8221;100%&#8221; max_width=&#8221;80%&#8221; module_alignment=&#8221;center&#8221; custom_padding=&#8221;0%||0%||false|false&#8221;][et_pb_column type=&#8221;4_4&#8243; _builder_version=&#8221;4.9.2&#8243; _module_preset=&#8221;default&#8221; [&hellip;]\" \/>\n<meta property=\"og:url\" content=\"https:\/\/berluf.com\/ru\/index.php\/polityka\/\" \/>\n<meta property=\"og:site_name\" content=\"BERL\u00dcF - \u0412\u0435\u043d\u0442\u0438\u043b\u044f\u0446\u0438\u044f \u0434\u043b\u044f \u0434\u043e\u043c\u0430 \u0438 \u0440\u0430\u0431\u043e\u0442\u044b\" \/>\n<meta property=\"article:modified_time\" content=\"2021-04-21T12:17:16+00:00\" \/>\n<meta name=\"twitter:card\" content=\"summary_large_image\" \/>\n<meta name=\"twitter:label1\" content=\"Szacowany czas czytania\">\n\t<meta name=\"twitter:data1\" content=\"5 minut\">\n<script type=\"application\/ld+json\" class=\"yoast-schema-graph\">{\"@context\":\"https:\/\/schema.org\",\"@graph\":[{\"@type\":\"WebSite\",\"@id\":\"https:\/\/berluf.com\/ru\/#website\",\"url\":\"https:\/\/berluf.com\/ru\/\",\"name\":\"BERL\\u00dcF - \\u0412\\u0435\\u043d\\u0442\\u0438\\u043b\\u044f\\u0446\\u0438\\u044f \\u0434\\u043b\\u044f \\u0434\\u043e\\u043c\\u0430 \\u0438 \\u0440\\u0430\\u0431\\u043e\\u0442\\u044b\",\"description\":\"\",\"potentialAction\":[{\"@type\":\"SearchAction\",\"target\":\"https:\/\/berluf.com\/ru\/?s={search_term_string}\",\"query-input\":\"required name=search_term_string\"}],\"inLanguage\":\"pl-PL\"},{\"@type\":\"WebPage\",\"@id\":\"https:\/\/berluf.com\/ru\/index.php\/polityka\/#webpage\",\"url\":\"https:\/\/berluf.com\/ru\/index.php\/polityka\/\",\"name\":\"\\u041f\\u043e\\u043b\\u0438\\u0442\\u0438\\u043a\\u0430 \\u043a\\u043e\\u043d\\u0444\\u0438\\u0434\\u0435\\u043d\\u0446\\u0438\\u0430\\u043b\\u044c\\u043d\\u043e\\u0441\\u0442\\u0438 - BERL\\u00dcF - \\u0412\\u0435\\u043d\\u0442\\u0438\\u043b\\u044f\\u0446\\u0438\\u044f \\u0434\\u043b\\u044f \\u0434\\u043e\\u043c\\u0430 \\u0438 \\u0440\\u0430\\u0431\\u043e\\u0442\\u044b\",\"isPartOf\":{\"@id\":\"https:\/\/berluf.com\/ru\/#website\"},\"datePublished\":\"2021-03-29T09:37:22+00:00\",\"dateModified\":\"2021-04-21T12:17:16+00:00\",\"breadcrumb\":{\"@id\":\"https:\/\/berluf.com\/ru\/index.php\/polityka\/#breadcrumb\"},\"inLanguage\":\"pl-PL\",\"potentialAction\":[{\"@type\":\"ReadAction\",\"target\":[\"https:\/\/berluf.com\/ru\/index.php\/polityka\/\"]}]},{\"@type\":\"BreadcrumbList\",\"@id\":\"https:\/\/berluf.com\/ru\/index.php\/polityka\/#breadcrumb\",\"itemListElement\":[{\"@type\":\"ListItem\",\"position\":1,\"item\":{\"@type\":\"WebPage\",\"@id\":\"https:\/\/berluf.com\/ru\/\",\"url\":\"https:\/\/berluf.com\/ru\/\",\"name\":\"Strona g\\u0142\\u00f3wna\"}},{\"@type\":\"ListItem\",\"position\":2,\"item\":{\"@id\":\"https:\/\/berluf.com\/ru\/index.php\/polityka\/#webpage\"}}]}]}<\/script>\n<!-- \/ Yoast SEO plugin. -->","_links":{"self":[{"href":"https:\/\/berluf.com\/ru\/index.php\/wp-json\/wp\/v2\/pages\/241559"}],"collection":[{"href":"https:\/\/berluf.com\/ru\/index.php\/wp-json\/wp\/v2\/pages"}],"about":[{"href":"https:\/\/berluf.com\/ru\/index.php\/wp-json\/wp\/v2\/types\/page"}],"author":[{"embeddable":true,"href":"https:\/\/berluf.com\/ru\/index.php\/wp-json\/wp\/v2\/users\/1"}],"replies":[{"embeddable":true,"href":"https:\/\/berluf.com\/ru\/index.php\/wp-json\/wp\/v2\/comments?post=241559"}],"version-history":[{"count":0,"href":"https:\/\/berluf.com\/ru\/index.php\/wp-json\/wp\/v2\/pages\/241559\/revisions"}],"wp:attachment":[{"href":"https:\/\/berluf.com\/ru\/index.php\/wp-json\/wp\/v2\/media?parent=241559"}],"curies":[{"name":"wp","href":"https:\/\/api.w.org\/{rel}","templated":true}]}}