{"id":42,"date":"2021-03-19T15:15:38","date_gmt":"2021-03-19T14:15:38","guid":{"rendered":"https:\/\/berluf.com\/ru\/?page_id=42"},"modified":"2021-04-28T12:53:28","modified_gmt":"2021-04-28T10:53:28","slug":"kontakt","status":"publish","type":"page","link":"https:\/\/berluf.com\/ru\/index.php\/kontakt\/","title":{"rendered":"\u041a\u043e\u043d\u0442\u0430\u043a\u0442\u044b"},"content":{"rendered":"<p>[et_pb_section fb_built=&#8221;1&#8243; _builder_version=&#8221;4.9.2&#8243; _module_preset=&#8221;default&#8221; custom_padding=&#8221;0%||0%||true|false&#8221;][et_pb_row _builder_version=&#8221;4.9.2&#8243; _module_preset=&#8221;default&#8221; width=&#8221;100%&#8221; max_width=&#8221;100%&#8221; module_alignment=&#8221;center&#8221; custom_padding=&#8221;0%||0%||true|false&#8221;][et_pb_column type=&#8221;4_4&#8243; _builder_version=&#8221;4.9.2&#8243; _module_preset=&#8221;default&#8221;][et_pb_image src=&#8221;https:\/\/berluf.com\/ru\/wp-content\/uploads\/2021\/04\/Baner_kontakt_3-03_ru.jpg&#8221; title_text=&#8221;Baner_kontakt_3-03_ru&#8221; show_in_lightbox=&#8221;on&#8221; align=&#8221;center&#8221; force_fullwidth=&#8221;on&#8221; _builder_version=&#8221;4.9.4&#8243; _module_preset=&#8221;default&#8221; hover_enabled=&#8221;0&#8243; sticky_enabled=&#8221;0&#8243;][\/et_pb_image][\/et_pb_column][\/et_pb_row][\/et_pb_section][et_pb_section fb_built=&#8221;1&#8243; _builder_version=&#8221;4.9.2&#8243; _module_preset=&#8221;default&#8221; background_color=&#8221;#f2f2f2&#8243; custom_padding=&#8221;0%||0%||true|false&#8221;][et_pb_row _builder_version=&#8221;4.9.2&#8243; _module_preset=&#8221;default&#8221; width=&#8221;100%&#8221; max_width=&#8221;80%&#8221; module_alignment=&#8221;center&#8221; custom_padding=&#8221;1%||1%||true|false&#8221;][et_pb_column type=&#8221;4_4&#8243; _builder_version=&#8221;4.9.2&#8243; _module_preset=&#8221;default&#8221;][et_pb_text _builder_version=&#8221;4.9.4&#8243; _module_preset=&#8221;default&#8221; header_text_color=&#8221;#000000&#8243; header_font_size=&#8221;2.5vw&#8221; header_line_height=&#8221;2.5vw&#8221; header_font_size_tablet=&#8221;5vw&#8221; header_font_size_phone=&#8221;7vw&#8221; header_font_size_last_edited=&#8221;on|phone&#8221; header_line_height_tablet=&#8221;5vw&#8221; header_line_height_phone=&#8221;8vw&#8221; header_line_height_last_edited=&#8221;on|desktop&#8221;]<\/p>\n<h1 style=\"text-align: center;\"><strong>\u041a\u043e\u043d\u0442\u0430\u043a\u0442\u044b<\/strong><\/h1>\n<p>[\/et_pb_text][\/et_pb_column][\/et_pb_row][\/et_pb_section][et_pb_section fb_built=&#8221;1&#8243; _builder_version=&#8221;4.9.2&#8243; _module_preset=&#8221;default&#8221; custom_padding=&#8221;2%||2%||true|false&#8221;][et_pb_row column_structure=&#8221;1_2,1_2&#8243; _builder_version=&#8221;4.9.2&#8243; _module_preset=&#8221;default&#8221; width=&#8221;100%&#8221; max_width=&#8221;90%&#8221;][et_pb_column type=&#8221;1_2&#8243; _builder_version=&#8221;4.9.2&#8243; _module_preset=&#8221;default&#8221;][et_pb_text _builder_version=&#8221;4.9.3&#8243; _module_preset=&#8221;default&#8221; header_2_font_size=&#8221;1.2vw&#8221; header_2_line_height=&#8221;1.2vw&#8221; custom_padding=&#8221;0%||0%||false|false&#8221; header_2_font_size_tablet=&#8221;3vw&#8221; header_2_font_size_phone=&#8221;5vw&#8221; header_2_font_size_last_edited=&#8221;on|phone&#8221; header_2_line_height_tablet=&#8221;3vw&#8221; header_2_line_height_phone=&#8221;5vw&#8221; header_2_line_height_last_edited=&#8221;on|desktop&#8221;]<\/p>\n<h2><img src=\"https:\/\/berluf.com\/ru\/wp-content\/uploads\/2021\/03\/tel.png\" width=\"4%\" alt=\"\" class=\"wp-image-242 alignnone size-full\" \/>\u00a0 \u00a0 <a href=\"tel:%2034 370 30 00\">(34) 370 30 00<\/a><\/h2>\n<p>[\/et_pb_text][et_pb_text _builder_version=&#8221;4.9.3&#8243; _module_preset=&#8221;default&#8221; header_2_font_size=&#8221;1.2vw&#8221; header_2_line_height=&#8221;1.2vw&#8221; custom_padding=&#8221;0%||0%||false|false&#8221; header_2_font_size_tablet=&#8221;3vw&#8221; header_2_font_size_phone=&#8221;5vw&#8221; header_2_font_size_last_edited=&#8221;on|phone&#8221; header_2_line_height_tablet=&#8221;3vw&#8221; header_2_line_height_phone=&#8221;5vw&#8221; header_2_line_height_last_edited=&#8221;on|desktop&#8221;]<\/p>\n<h2><img src=\"https:\/\/berluf.com\/ru\/wp-content\/uploads\/2021\/03\/list.png\" width=\"4%\" alt=\"\" class=\"wp-image-240 alignnone size-full\" \/>\u00a0 \u00a0 <a href=\"mailto:%20info@berluf.com\">info@berluf.com<\/a><\/h2>\n<p>[\/et_pb_text][et_pb_text _builder_version=&#8221;4.9.2&#8243; _module_preset=&#8221;default&#8221; header_2_font_size=&#8221;1.2vw&#8221; header_2_line_height=&#8221;1.2vw&#8221; custom_padding=&#8221;0%||0%||false|false&#8221; header_2_font_size_tablet=&#8221;3vw&#8221; header_2_font_size_phone=&#8221;5vw&#8221; header_2_font_size_last_edited=&#8221;on|phone&#8221; header_2_line_height_tablet=&#8221;3vw&#8221; header_2_line_height_phone=&#8221;5vw&#8221; header_2_line_height_last_edited=&#8221;on|desktop&#8221;]<\/p>\n<h2><img src=\"https:\/\/berluf.com\/ru\/wp-content\/uploads\/2021\/03\/fax.png\" width=\"4%\" alt=\"\" class=\"wp-image-239 alignnone size-full\" \/>\u00a0 \u00a0 fax (34) 370 31 77<\/h2>\n<p>[\/et_pb_text][et_pb_text _builder_version=&#8221;4.9.3&#8243; _module_preset=&#8221;default&#8221; header_2_font_size=&#8221;1.2vw&#8221; header_2_line_height=&#8221;1.2vw&#8221; custom_padding=&#8221;0%||0%||false|false&#8221; header_2_font_size_tablet=&#8221;3vw&#8221; header_2_font_size_phone=&#8221;4.5vw&#8221; header_2_font_size_last_edited=&#8221;on|phone&#8221; header_2_line_height_tablet=&#8221;3vw&#8221; header_2_line_height_phone=&#8221;5vw&#8221; header_2_line_height_last_edited=&#8221;on|desktop&#8221;]<\/p>\n<h2><img src=\"https:\/\/berluf.com\/ru\/wp-content\/uploads\/2021\/03\/mapa.png\" width=\"5%\" alt=\"\" class=\"wp-image-241 alignnone size-full\" \/>\u00a0 \u00a0 42-280 Cz\u0119stochowa, ul. G\u0142\u00f3wna 188<\/h2>\n<p>[\/et_pb_text][et_pb_text _builder_version=&#8221;4.9.2&#8243; _module_preset=&#8221;default&#8221; header_2_font_size=&#8221;1.2vw&#8221; header_2_line_height=&#8221;1.2vw&#8221; custom_padding=&#8221;0%||0%||false|false&#8221; header_2_font_size_tablet=&#8221;3vw&#8221; header_2_font_size_phone=&#8221;5vw&#8221; header_2_font_size_last_edited=&#8221;on|phone&#8221; header_2_line_height_tablet=&#8221;3vw&#8221; header_2_line_height_phone=&#8221;5vw&#8221; header_2_line_height_last_edited=&#8221;on|desktop&#8221;]<\/p>\n<h2>NIP: 7822665002<\/h2>\n<p>[\/et_pb_text][et_pb_text _builder_version=&#8221;4.9.2&#8243; _module_preset=&#8221;default&#8221; header_2_font_size=&#8221;1.2vw&#8221; header_2_line_height=&#8221;1.2vw&#8221; custom_padding=&#8221;0%||0%||false|false&#8221; header_2_font_size_tablet=&#8221;3vw&#8221; header_2_font_size_phone=&#8221;5vw&#8221; header_2_font_size_last_edited=&#8221;on|phone&#8221; header_2_line_height_tablet=&#8221;3vw&#8221; header_2_line_height_phone=&#8221;5vw&#8221; header_2_line_height_last_edited=&#8221;on|desktop&#8221;]<\/p>\n<h2>REGON: 365998501<\/h2>\n<p>[\/et_pb_text][\/et_pb_column][et_pb_column type=&#8221;1_2&#8243; _builder_version=&#8221;4.9.2&#8243; _module_preset=&#8221;default&#8221;][dsm_embed_google_map address=&#8221;G\u0142\u00f3wna 188, 42-280 Cz\u0119stochowa&#8221; zoom=&#8221;13&#8243; _builder_version=&#8221;4.9.3&#8243; _module_preset=&#8221;default&#8221; module_alignment=&#8221;center&#8221; height=&#8221;25vw&#8221; height_tablet=&#8221;50vw&#8221; height_phone=&#8221;&#8221; height_last_edited=&#8221;on|phone&#8221; custom_padding=&#8221;0%||0%||true|false&#8221; border_radii=&#8221;on|6%|6%|6%|6%&#8221;][\/dsm_embed_google_map][\/et_pb_column][\/et_pb_row][\/et_pb_section]<\/p>\n","protected":false},"excerpt":{"rendered":"<p>[et_pb_section fb_built=&#8221;1&#8243; _builder_version=&#8221;4.9.2&#8243; _module_preset=&#8221;default&#8221; custom_padding=&#8221;0%||0%||true|false&#8221;][et_pb_row _builder_version=&#8221;4.9.2&#8243; _module_preset=&#8221;default&#8221; width=&#8221;100%&#8221; max_width=&#8221;100%&#8221; module_alignment=&#8221;center&#8221; custom_padding=&#8221;0%||0%||true|false&#8221;][et_pb_column type=&#8221;4_4&#8243; _builder_version=&#8221;4.9.2&#8243; _module_preset=&#8221;default&#8221;][et_pb_image src=&#8221;https:\/\/berluf.com\/ru\/wp-content\/uploads\/2021\/04\/Baner_kontakt_3-03_ru.jpg&#8221; title_text=&#8221;Baner_kontakt_3-03_ru&#8221; show_in_lightbox=&#8221;on&#8221; align=&#8221;center&#8221; force_fullwidth=&#8221;on&#8221; _builder_version=&#8221;4.9.4&#8243; _module_preset=&#8221;default&#8221; hover_enabled=&#8221;0&#8243; sticky_enabled=&#8221;0&#8243;][\/et_pb_image][\/et_pb_column][\/et_pb_row][\/et_pb_section][et_pb_section fb_built=&#8221;1&#8243; _builder_version=&#8221;4.9.2&#8243; _module_preset=&#8221;default&#8221; background_color=&#8221;#f2f2f2&#8243; custom_padding=&#8221;0%||0%||true|false&#8221;][et_pb_row _builder_version=&#8221;4.9.2&#8243; _module_preset=&#8221;default&#8221; width=&#8221;100%&#8221; max_width=&#8221;80%&#8221; module_alignment=&#8221;center&#8221; custom_padding=&#8221;1%||1%||true|false&#8221;][et_pb_column type=&#8221;4_4&#8243; _builder_version=&#8221;4.9.2&#8243; _module_preset=&#8221;default&#8221;][et_pb_text _builder_version=&#8221;4.9.4&#8243; _module_preset=&#8221;default&#8221; header_text_color=&#8221;#000000&#8243; header_font_size=&#8221;2.5vw&#8221; header_line_height=&#8221;2.5vw&#8221; header_font_size_tablet=&#8221;5vw&#8221; header_font_size_phone=&#8221;7vw&#8221; header_font_size_last_edited=&#8221;on|phone&#8221; header_line_height_tablet=&#8221;5vw&#8221; header_line_height_phone=&#8221;8vw&#8221; header_line_height_last_edited=&#8221;on|desktop&#8221;] \u041a\u043e\u043d\u0442\u0430\u043a\u0442\u044b [\/et_pb_text][\/et_pb_column][\/et_pb_row][\/et_pb_section][et_pb_section fb_built=&#8221;1&#8243; _builder_version=&#8221;4.9.2&#8243; _module_preset=&#8221;default&#8221; custom_padding=&#8221;2%||2%||true|false&#8221;][et_pb_row column_structure=&#8221;1_2,1_2&#8243; [&hellip;]<\/p>\n","protected":false},"author":1,"featured_media":0,"parent":0,"menu_order":0,"comment_status":"closed","ping_status":"closed","template":"","meta":{"_et_pb_use_builder":"on","_et_pb_old_content":"<!-- wp:divi\/placeholder \/-->","_et_gb_content_width":""},"yoast_head":"<!-- This site is optimized with the Yoast SEO plugin v16.2 - https:\/\/yoast.com\/wordpress\/plugins\/seo\/ -->\n<title>\u041a\u043e\u043d\u0442\u0430\u043a\u0442\u044b - BERL\u00dcF - \u0412\u0435\u043d\u0442\u0438\u043b\u044f\u0446\u0438\u044f \u0434\u043b\u044f \u0434\u043e\u043c\u0430 \u0438 \u0440\u0430\u0431\u043e\u0442\u044b<\/title>\n<meta name=\"robots\" content=\"index, follow, max-snippet:-1, max-image-preview:large, max-video-preview:-1\" \/>\n<link rel=\"canonical\" href=\"https:\/\/berluf.com\/ru\/index.php\/kontakt\/\" \/>\n<meta property=\"og:locale\" content=\"pl_PL\" \/>\n<meta property=\"og:type\" content=\"article\" \/>\n<meta property=\"og:title\" content=\"\u041a\u043e\u043d\u0442\u0430\u043a\u0442\u044b - BERL\u00dcF - \u0412\u0435\u043d\u0442\u0438\u043b\u044f\u0446\u0438\u044f \u0434\u043b\u044f \u0434\u043e\u043c\u0430 \u0438 \u0440\u0430\u0431\u043e\u0442\u044b\" \/>\n<meta property=\"og:description\" content=\"[et_pb_section fb_built=&#8221;1&#8243; _builder_version=&#8221;4.9.2&#8243; _module_preset=&#8221;default&#8221; custom_padding=&#8221;0%||0%||true|false&#8221;][et_pb_row _builder_version=&#8221;4.9.2&#8243; _module_preset=&#8221;default&#8221; width=&#8221;100%&#8221; max_width=&#8221;100%&#8221; module_alignment=&#8221;center&#8221; custom_padding=&#8221;0%||0%||true|false&#8221;][et_pb_column type=&#8221;4_4&#8243; _builder_version=&#8221;4.9.2&#8243; _module_preset=&#8221;default&#8221;][et_pb_image src=&#8221;https:\/\/berluf.com\/ru\/wp-content\/uploads\/2021\/04\/Baner_kontakt_3-03_ru.jpg&#8221; title_text=&#8221;Baner_kontakt_3-03_ru&#8221; show_in_lightbox=&#8221;on&#8221; align=&#8221;center&#8221; force_fullwidth=&#8221;on&#8221; _builder_version=&#8221;4.9.4&#8243; _module_preset=&#8221;default&#8221; hover_enabled=&#8221;0&#8243; sticky_enabled=&#8221;0&#8243;][\/et_pb_image][\/et_pb_column][\/et_pb_row][\/et_pb_section][et_pb_section fb_built=&#8221;1&#8243; _builder_version=&#8221;4.9.2&#8243; _module_preset=&#8221;default&#8221; background_color=&#8221;#f2f2f2&#8243; custom_padding=&#8221;0%||0%||true|false&#8221;][et_pb_row _builder_version=&#8221;4.9.2&#8243; _module_preset=&#8221;default&#8221; width=&#8221;100%&#8221; max_width=&#8221;80%&#8221; module_alignment=&#8221;center&#8221; custom_padding=&#8221;1%||1%||true|false&#8221;][et_pb_column type=&#8221;4_4&#8243; _builder_version=&#8221;4.9.2&#8243; _module_preset=&#8221;default&#8221;][et_pb_text _builder_version=&#8221;4.9.4&#8243; _module_preset=&#8221;default&#8221; header_text_color=&#8221;#000000&#8243; header_font_size=&#8221;2.5vw&#8221; header_line_height=&#8221;2.5vw&#8221; header_font_size_tablet=&#8221;5vw&#8221; header_font_size_phone=&#8221;7vw&#8221; header_font_size_last_edited=&#8221;on|phone&#8221; header_line_height_tablet=&#8221;5vw&#8221; header_line_height_phone=&#8221;8vw&#8221; header_line_height_last_edited=&#8221;on|desktop&#8221;] \u041a\u043e\u043d\u0442\u0430\u043a\u0442\u044b [\/et_pb_text][\/et_pb_column][\/et_pb_row][\/et_pb_section][et_pb_section fb_built=&#8221;1&#8243; _builder_version=&#8221;4.9.2&#8243; _module_preset=&#8221;default&#8221; custom_padding=&#8221;2%||2%||true|false&#8221;][et_pb_row column_structure=&#8221;1_2,1_2&#8243; [&hellip;]\" \/>\n<meta property=\"og:url\" content=\"https:\/\/berluf.com\/ru\/index.php\/kontakt\/\" \/>\n<meta property=\"og:site_name\" content=\"BERL\u00dcF - \u0412\u0435\u043d\u0442\u0438\u043b\u044f\u0446\u0438\u044f \u0434\u043b\u044f \u0434\u043e\u043c\u0430 \u0438 \u0440\u0430\u0431\u043e\u0442\u044b\" \/>\n<meta property=\"article:modified_time\" content=\"2021-04-28T10:53:28+00:00\" \/>\n<meta property=\"og:image\" content=\"https:\/\/berluf.com\/ru\/wp-content\/uploads\/2021\/03\/tel.png\" \/>\n<meta name=\"twitter:card\" content=\"summary_large_image\" \/>\n<meta name=\"twitter:label1\" content=\"Szacowany czas czytania\">\n\t<meta name=\"twitter:data1\" content=\"3 minuty\">\n<script type=\"application\/ld+json\" class=\"yoast-schema-graph\">{\"@context\":\"https:\/\/schema.org\",\"@graph\":[{\"@type\":\"WebSite\",\"@id\":\"https:\/\/berluf.com\/ru\/#website\",\"url\":\"https:\/\/berluf.com\/ru\/\",\"name\":\"BERL\\u00dcF - \\u0412\\u0435\\u043d\\u0442\\u0438\\u043b\\u044f\\u0446\\u0438\\u044f \\u0434\\u043b\\u044f \\u0434\\u043e\\u043c\\u0430 \\u0438 \\u0440\\u0430\\u0431\\u043e\\u0442\\u044b\",\"description\":\"\",\"potentialAction\":[{\"@type\":\"SearchAction\",\"target\":\"https:\/\/berluf.com\/ru\/?s={search_term_string}\",\"query-input\":\"required name=search_term_string\"}],\"inLanguage\":\"pl-PL\"},{\"@type\":\"ImageObject\",\"@id\":\"https:\/\/berluf.com\/ru\/index.php\/kontakt\/#primaryimage\",\"inLanguage\":\"pl-PL\",\"url\":\"https:\/\/berluf.com\/ru\/wp-content\/uploads\/2021\/03\/tel.png\",\"contentUrl\":\"https:\/\/berluf.com\/ru\/wp-content\/uploads\/2021\/03\/tel.png\",\"width\":150,\"height\":151},{\"@type\":\"WebPage\",\"@id\":\"https:\/\/berluf.com\/ru\/index.php\/kontakt\/#webpage\",\"url\":\"https:\/\/berluf.com\/ru\/index.php\/kontakt\/\",\"name\":\"\\u041a\\u043e\\u043d\\u0442\\u0430\\u043a\\u0442\\u044b - BERL\\u00dcF - \\u0412\\u0435\\u043d\\u0442\\u0438\\u043b\\u044f\\u0446\\u0438\\u044f \\u0434\\u043b\\u044f \\u0434\\u043e\\u043c\\u0430 \\u0438 \\u0440\\u0430\\u0431\\u043e\\u0442\\u044b\",\"isPartOf\":{\"@id\":\"https:\/\/berluf.com\/ru\/#website\"},\"primaryImageOfPage\":{\"@id\":\"https:\/\/berluf.com\/ru\/index.php\/kontakt\/#primaryimage\"},\"datePublished\":\"2021-03-19T14:15:38+00:00\",\"dateModified\":\"2021-04-28T10:53:28+00:00\",\"breadcrumb\":{\"@id\":\"https:\/\/berluf.com\/ru\/index.php\/kontakt\/#breadcrumb\"},\"inLanguage\":\"pl-PL\",\"potentialAction\":[{\"@type\":\"ReadAction\",\"target\":[\"https:\/\/berluf.com\/ru\/index.php\/kontakt\/\"]}]},{\"@type\":\"BreadcrumbList\",\"@id\":\"https:\/\/berluf.com\/ru\/index.php\/kontakt\/#breadcrumb\",\"itemListElement\":[{\"@type\":\"ListItem\",\"position\":1,\"item\":{\"@type\":\"WebPage\",\"@id\":\"https:\/\/berluf.com\/ru\/\",\"url\":\"https:\/\/berluf.com\/ru\/\",\"name\":\"Strona g\\u0142\\u00f3wna\"}},{\"@type\":\"ListItem\",\"position\":2,\"item\":{\"@id\":\"https:\/\/berluf.com\/ru\/index.php\/kontakt\/#webpage\"}}]}]}<\/script>\n<!-- \/ Yoast SEO plugin. -->","_links":{"self":[{"href":"https:\/\/berluf.com\/ru\/index.php\/wp-json\/wp\/v2\/pages\/42"}],"collection":[{"href":"https:\/\/berluf.com\/ru\/index.php\/wp-json\/wp\/v2\/pages"}],"about":[{"href":"https:\/\/berluf.com\/ru\/index.php\/wp-json\/wp\/v2\/types\/page"}],"author":[{"embeddable":true,"href":"https:\/\/berluf.com\/ru\/index.php\/wp-json\/wp\/v2\/users\/1"}],"replies":[{"embeddable":true,"href":"https:\/\/berluf.com\/ru\/index.php\/wp-json\/wp\/v2\/comments?post=42"}],"version-history":[{"count":0,"href":"https:\/\/berluf.com\/ru\/index.php\/wp-json\/wp\/v2\/pages\/42\/revisions"}],"wp:attachment":[{"href":"https:\/\/berluf.com\/ru\/index.php\/wp-json\/wp\/v2\/media?parent=42"}],"curies":[{"name":"wp","href":"https:\/\/api.w.org\/{rel}","templated":true}]}}